{"id":141,"date":"2022-01-15T17:45:25","date_gmt":"2022-01-15T16:45:25","guid":{"rendered":"http:\/\/coeurnathetsens.fr\/?page_id=141"},"modified":"2024-08-27T02:04:05","modified_gmt":"2024-08-27T00:04:05","slug":"citations","status":"publish","type":"page","link":"https:\/\/coeurnathetsens.fr\/index.php\/pepites\/citations\/","title":{"rendered":"Citations"},"content":{"rendered":"\n<blockquote class=\"wp-block-quote is-layout-flow wp-block-quote-is-layout-flow\">\n<h4 class=\"wp-block-heading\">Je te partage ici, toutes les citations inspirantes pour moi. Je souhaite qu&rsquo;elles le soient aussi pour toi<\/h4>\n\n\n\n<p><\/p>\n\n\n\n<p>Si vous ne travaillez pas pour vos r\u00eaves, quelqu&rsquo;un vous embauchera pour travailler pour les siens.<\/p>\n<cite>Steve Jobs<\/cite><\/blockquote>\n\n\n\n<blockquote class=\"wp-block-quote is-layout-flow wp-block-quote-is-layout-flow\">\n<p>Tous les hommes pensent que le bonheur se trouve au sommet de la montagne alors qu&rsquo;il r\u00e9side dans la fa\u00e7on de la gravir.<\/p>\n<cite>Confucius<\/cite><\/blockquote>\n\n\n\n<blockquote class=\"wp-block-quote is-layout-flow wp-block-quote-is-layout-flow\">\n<p>L&rsquo;exp\u00e9rience de chacun est le tr\u00e9sor de tous.<\/p>\n<cite><strong>G\u00e9rard De Nerval<\/strong><\/cite><\/blockquote>\n\n\n\n<blockquote class=\"wp-block-quote is-layout-flow wp-block-quote-is-layout-flow\">\n<p>En plein c\u0153ur de toute difficult\u00e9 se cache une possibilit\u00e9. &nbsp;<\/p>\n<cite>Albert Einstein<\/cite><\/blockquote>\n\n\n\n<blockquote class=\"wp-block-quote is-layout-flow wp-block-quote-is-layout-flow\">\n<p>Tu crois \u00eatre une goutte d&rsquo;eau dans l&rsquo;oc\u00e9an, en r\u00e9alit\u00e9 tu es un oc\u00e9an dans une goutte d&rsquo;eau.<\/p>\n<cite><strong>R\u00fbmi<\/strong><\/cite><\/blockquote>\n\n\n\n<blockquote class=\"wp-block-quote is-layout-flow wp-block-quote-is-layout-flow\">\n<p>La vie est un myst\u00e8re qu&rsquo;il faut vivre, et non un probl\u00e8me \u00e0 r\u00e9soudre.&nbsp;<\/p>\n<cite>Gandhi<\/cite><\/blockquote>\n\n\n\n<blockquote class=\"wp-block-quote is-layout-flow wp-block-quote-is-layout-flow\">\n<p>La cr\u00e9ativit\u00e9 c&rsquo;est percer le banal pour trouver le merveilleux.<\/p>\n<cite><strong>Bill&nbsp;MOYERS<\/strong><\/cite><\/blockquote>\n\n\n\n<blockquote class=\"wp-block-quote is-layout-flow wp-block-quote-is-layout-flow\">\n<p>Tout ce qui te d\u00e9range chez les autres, c&rsquo;est seulement une projection de ce que tu n&rsquo;as pas r\u00e9solu en toi-m\u00eame.<\/p>\n<cite>Bouddha<\/cite><\/blockquote>\n\n\n\n<blockquote class=\"wp-block-quote is-layout-flow wp-block-quote-is-layout-flow\">\n<p>Ce que l&rsquo;on pense on le devient. Ce que l&rsquo;on ressent, on l&rsquo;attire. Ce que l&rsquo;on imagine, on le cr\u00e9e.<\/p>\n<cite>Bouddha<\/cite><\/blockquote>\n\n\n\n<blockquote class=\"wp-block-quote is-layout-flow wp-block-quote-is-layout-flow\">\n<p>C&rsquo;est impossible, dit la Fiert\u00e9&nbsp;; c&rsquo;est risqu\u00e9, dit l&rsquo;Exp\u00e9rience, c&rsquo;est sans issue, dit la Raison&nbsp;; essayons, murmure le Coeur.<\/p>\n<cite>William Arthur Ward<\/cite><\/blockquote>\n\n\n\n<blockquote class=\"wp-block-quote is-layout-flow wp-block-quote-is-layout-flow\">\n<p>La joie est en tout, il faut savoir l&rsquo;extraire.<\/p>\n<cite>Confucius<\/cite><\/blockquote>\n\n\n\n<blockquote class=\"wp-block-quote is-layout-flow wp-block-quote-is-layout-flow\">\n<p>J&rsquo;ai d\u00e9cid\u00e9 d&rsquo;\u00eatre heureux parce que c&rsquo;est bon pour la sant\u00e9.<\/p>\n<cite>Voltaire<\/cite><\/blockquote>\n\n\n\n<blockquote class=\"wp-block-quote is-layout-flow wp-block-quote-is-layout-flow\">\n<p>Si tu \u00e9coutes ton corps lorsqu&rsquo;il chuchote, tu n&rsquo;auras pas \u00e0 l&rsquo;entendre crier.<\/p>\n<cite>Sagesse tib\u00e9taine<\/cite><\/blockquote>\n\n\n\n<blockquote class=\"wp-block-quote is-layout-flow wp-block-quote-is-layout-flow\">\n<p>\u00catre heureux ne signifie pas que tout est parfait. Cela signifie que vous avez d\u00e9cid\u00e9 de regarder au-del\u00e0 des imperfections.<\/p>\n<cite>Aristote<\/cite><\/blockquote>\n\n\n\n<blockquote class=\"wp-block-quote is-layout-flow wp-block-quote-is-layout-flow\">\n<p>Avant de gu\u00e9rir quelqu&rsquo;un demandez-lui s&rsquo;il est pr\u00eat \u00e0 abandonner les choses qui le rendent malade.<\/p>\n<cite>Hippocrate<\/cite><\/blockquote>\n\n\n\n<blockquote class=\"wp-block-quote is-layout-flow wp-block-quote-is-layout-flow\">\n<p>Ayez le courage de suivre votre coeur et votre intuition. L&rsquo;un et l&rsquo;autre savent ce que vous voulez r\u00e9ellement devenir. Le reste est secondaire.<\/p>\n<cite>Steve Jobs<\/cite><\/blockquote>\n\n\n\n<blockquote class=\"wp-block-quote is-layout-flow wp-block-quote-is-layout-flow\">\n<p>Personne ne peut fuir son c\u0153ur, c&rsquo;est pourquoi il faut mieux \u00e9couter ce qu&rsquo;il dit.<\/p>\n<cite>Paulo Coelho<\/cite><\/blockquote>\n\n\n\n<blockquote class=\"wp-block-quote is-layout-flow wp-block-quote-is-layout-flow\">\n<p>Les plus belles choses de la vie ne se voient pas avec les yeux mais se ressentent avec le \u2661.<\/p>\n<cite>Antoine de Saint-Exup\u00e9ry<\/cite><\/blockquote>\n\n\n\n<blockquote class=\"wp-block-quote is-layout-flow wp-block-quote-is-layout-flow\">\n<p>M\u00eame si vous \u00eates seul et que personne ne vous suit, d\u00e9fendez toujours ce qui vous parait juste.<\/p>\n<cite>Abb\u00e9 Pierre<\/cite><\/blockquote>\n\n\n\n<blockquote class=\"wp-block-quote is-layout-flow wp-block-quote-is-layout-flow\">\n<p>Les miracles commencent \u00e0 se produire lorsque vous donnez autant d&rsquo;\u00e9nergie \u00e0 vos r\u00eaves qu&rsquo;\u00e0 vos craintes.<\/p>\n<cite>Richard Wilkins<\/cite><\/blockquote>\n\n\n\n<div class=\"wp-block-buttons is-layout-flex wp-block-buttons-is-layout-flex\">\n<div class=\"wp-block-button\"><a class=\"wp-block-button__link has-white-color has-text-color has-background wp-element-button\" href=\"https:\/\/coeurnathetsens.fr\/index.php\/livres\/\" style=\"background-color:#877975\">&gt;<\/a><\/div>\n<\/div>\n","protected":false},"excerpt":{"rendered":"<p>Je te partage ici, toutes les citations inspirantes pour moi. Je souhaite qu&rsquo;elles le soient aussi pour toi Si vous ne travaillez pas pour vos r\u00eaves, quelqu&rsquo;un vous embauchera pour travailler pour les siens. Steve Jobs Tous les hommes pensent que le bonheur se trouve au sommet de la montagne alors qu&rsquo;il r\u00e9side dans la&hellip;&nbsp;<a href=\"https:\/\/coeurnathetsens.fr\/index.php\/pepites\/citations\/\" class=\"\" rel=\"bookmark\">Lire la suite &raquo;<span class=\"screen-reader-text\">Citations<\/span><\/a><\/p>\n","protected":false},"author":1,"featured_media":0,"parent":80,"menu_order":1,"comment_status":"closed","ping_status":"closed","template":"","meta":{"_monsterinsights_skip_tracking":false,"_monsterinsights_sitenote_active":false,"_monsterinsights_sitenote_note":"","_monsterinsights_sitenote_category":0,"neve_meta_sidebar":"","neve_meta_container":"","neve_meta_enable_content_width":"","neve_meta_content_width":0,"neve_meta_title_alignment":"","neve_meta_author_avatar":"","neve_post_elements_order":"","neve_meta_disable_header":"","neve_meta_disable_footer":"","neve_meta_disable_title":"","footnotes":""},"class_list":["post-141","page","type-page","status-publish","hentry"],"yoast_head":"<!-- This site is optimized with the Yoast SEO plugin v27.3 - https:\/\/yoast.com\/product\/yoast-seo-wordpress\/ -->\n<title>Citations - Coeur Nath &amp; Sens<\/title>\n<meta name=\"robots\" content=\"index, follow, max-snippet:-1, max-image-preview:large, max-video-preview:-1\" \/>\n<link rel=\"canonical\" href=\"https:\/\/coeurnathetsens.fr\/index.php\/pepites\/citations\/\" \/>\n<meta property=\"og:locale\" content=\"fr_FR\" \/>\n<meta property=\"og:type\" content=\"article\" \/>\n<meta property=\"og:title\" content=\"Citations - Coeur Nath &amp; Sens\" \/>\n<meta property=\"og:description\" content=\"Je te partage ici, toutes les citations inspirantes pour moi. Je souhaite qu&rsquo;elles le soient aussi pour toi Si vous ne travaillez pas pour vos r\u00eaves, quelqu&rsquo;un vous embauchera pour travailler pour les siens. Steve Jobs Tous les hommes pensent que le bonheur se trouve au sommet de la montagne alors qu&rsquo;il r\u00e9side dans la&hellip;&nbsp;Lire la suite &raquo;Citations\" \/>\n<meta property=\"og:url\" content=\"https:\/\/coeurnathetsens.fr\/index.php\/pepites\/citations\/\" \/>\n<meta property=\"og:site_name\" content=\"Coeur Nath &amp; Sens\" \/>\n<meta property=\"article:publisher\" content=\"https:\/\/www.facebook.com\/nathalie.eymerie.52\" \/>\n<meta property=\"article:modified_time\" content=\"2024-08-27T00:04:05+00:00\" \/>\n<meta name=\"twitter:card\" content=\"summary_large_image\" \/>\n<meta name=\"twitter:label1\" content=\"Dur\u00e9e de lecture estim\u00e9e\" \/>\n\t<meta name=\"twitter:data1\" content=\"2 minutes\" \/>\n<script type=\"application\/ld+json\" class=\"yoast-schema-graph\">{\"@context\":\"https:\\\/\\\/schema.org\",\"@graph\":[{\"@type\":\"WebPage\",\"@id\":\"https:\\\/\\\/coeurnathetsens.fr\\\/index.php\\\/pepites\\\/citations\\\/\",\"url\":\"https:\\\/\\\/coeurnathetsens.fr\\\/index.php\\\/pepites\\\/citations\\\/\",\"name\":\"Citations - Coeur Nath &amp; Sens\",\"isPartOf\":{\"@id\":\"https:\\\/\\\/coeurnathetsens.fr\\\/#website\"},\"datePublished\":\"2022-01-15T16:45:25+00:00\",\"dateModified\":\"2024-08-27T00:04:05+00:00\",\"breadcrumb\":{\"@id\":\"https:\\\/\\\/coeurnathetsens.fr\\\/index.php\\\/pepites\\\/citations\\\/#breadcrumb\"},\"inLanguage\":\"fr-FR\",\"potentialAction\":[{\"@type\":\"ReadAction\",\"target\":[\"https:\\\/\\\/coeurnathetsens.fr\\\/index.php\\\/pepites\\\/citations\\\/\"]}]},{\"@type\":\"BreadcrumbList\",\"@id\":\"https:\\\/\\\/coeurnathetsens.fr\\\/index.php\\\/pepites\\\/citations\\\/#breadcrumb\",\"itemListElement\":[{\"@type\":\"ListItem\",\"position\":1,\"name\":\"Accueil\",\"item\":\"https:\\\/\\\/coeurnathetsens.fr\\\/\"},{\"@type\":\"ListItem\",\"position\":2,\"name\":\"P\u00e9pites\",\"item\":\"https:\\\/\\\/coeurnathetsens.fr\\\/index.php\\\/accueil__trashed\\\/pepites\\\/\"},{\"@type\":\"ListItem\",\"position\":3,\"name\":\"Citations\"}]},{\"@type\":\"WebSite\",\"@id\":\"https:\\\/\\\/coeurnathetsens.fr\\\/#website\",\"url\":\"https:\\\/\\\/coeurnathetsens.fr\\\/\",\"name\":\"Coeur Nath &amp; Sens\",\"description\":\"Un voyage lib\u00e9rateur au plus profond des cellules de ton c\u0153ur pour retrouver ta tranquillit\u00e9 int\u00e9rieure et le sens de ta vie\u2026\",\"publisher\":{\"@id\":\"https:\\\/\\\/coeurnathetsens.fr\\\/#organization\"},\"potentialAction\":[{\"@type\":\"SearchAction\",\"target\":{\"@type\":\"EntryPoint\",\"urlTemplate\":\"https:\\\/\\\/coeurnathetsens.fr\\\/?s={search_term_string}\"},\"query-input\":{\"@type\":\"PropertyValueSpecification\",\"valueRequired\":true,\"valueName\":\"search_term_string\"}}],\"inLanguage\":\"fr-FR\"},{\"@type\":\"Organization\",\"@id\":\"https:\\\/\\\/coeurnathetsens.fr\\\/#organization\",\"name\":\"Coeur Nath & Sens\",\"url\":\"https:\\\/\\\/coeurnathetsens.fr\\\/\",\"logo\":{\"@type\":\"ImageObject\",\"inLanguage\":\"fr-FR\",\"@id\":\"https:\\\/\\\/coeurnathetsens.fr\\\/#\\\/schema\\\/logo\\\/image\\\/\",\"url\":\"http:\\\/\\\/coeurnathetsens.fr\\\/wp-content\\\/uploads\\\/2022\\\/01\\\/cropped-Capture-decran-2022-01-22-a-17.41.38.png\",\"contentUrl\":\"http:\\\/\\\/coeurnathetsens.fr\\\/wp-content\\\/uploads\\\/2022\\\/01\\\/cropped-Capture-decran-2022-01-22-a-17.41.38.png\",\"width\":1872,\"height\":1120,\"caption\":\"Coeur Nath & Sens\"},\"image\":{\"@id\":\"https:\\\/\\\/coeurnathetsens.fr\\\/#\\\/schema\\\/logo\\\/image\\\/\"},\"sameAs\":[\"https:\\\/\\\/www.facebook.com\\\/nathalie.eymerie.52\",\"https:\\\/\\\/www.instagram.com\\\/stories\\\/nataimeri\\\/2757010669457973348\\\/\",\"https:\\\/\\\/www.linkedin.com\\\/in\\\/nathalie-eymerie-6597a128\\\/\"]}]}<\/script>\n<!-- \/ Yoast SEO plugin. -->","yoast_head_json":{"title":"Citations - Coeur Nath &amp; Sens","robots":{"index":"index","follow":"follow","max-snippet":"max-snippet:-1","max-image-preview":"max-image-preview:large","max-video-preview":"max-video-preview:-1"},"canonical":"https:\/\/coeurnathetsens.fr\/index.php\/pepites\/citations\/","og_locale":"fr_FR","og_type":"article","og_title":"Citations - Coeur Nath &amp; Sens","og_description":"Je te partage ici, toutes les citations inspirantes pour moi. Je souhaite qu&rsquo;elles le soient aussi pour toi Si vous ne travaillez pas pour vos r\u00eaves, quelqu&rsquo;un vous embauchera pour travailler pour les siens. Steve Jobs Tous les hommes pensent que le bonheur se trouve au sommet de la montagne alors qu&rsquo;il r\u00e9side dans la&hellip;&nbsp;Lire la suite &raquo;Citations","og_url":"https:\/\/coeurnathetsens.fr\/index.php\/pepites\/citations\/","og_site_name":"Coeur Nath &amp; Sens","article_publisher":"https:\/\/www.facebook.com\/nathalie.eymerie.52","article_modified_time":"2024-08-27T00:04:05+00:00","twitter_card":"summary_large_image","twitter_misc":{"Dur\u00e9e de lecture estim\u00e9e":"2 minutes"},"schema":{"@context":"https:\/\/schema.org","@graph":[{"@type":"WebPage","@id":"https:\/\/coeurnathetsens.fr\/index.php\/pepites\/citations\/","url":"https:\/\/coeurnathetsens.fr\/index.php\/pepites\/citations\/","name":"Citations - Coeur Nath &amp; Sens","isPartOf":{"@id":"https:\/\/coeurnathetsens.fr\/#website"},"datePublished":"2022-01-15T16:45:25+00:00","dateModified":"2024-08-27T00:04:05+00:00","breadcrumb":{"@id":"https:\/\/coeurnathetsens.fr\/index.php\/pepites\/citations\/#breadcrumb"},"inLanguage":"fr-FR","potentialAction":[{"@type":"ReadAction","target":["https:\/\/coeurnathetsens.fr\/index.php\/pepites\/citations\/"]}]},{"@type":"BreadcrumbList","@id":"https:\/\/coeurnathetsens.fr\/index.php\/pepites\/citations\/#breadcrumb","itemListElement":[{"@type":"ListItem","position":1,"name":"Accueil","item":"https:\/\/coeurnathetsens.fr\/"},{"@type":"ListItem","position":2,"name":"P\u00e9pites","item":"https:\/\/coeurnathetsens.fr\/index.php\/accueil__trashed\/pepites\/"},{"@type":"ListItem","position":3,"name":"Citations"}]},{"@type":"WebSite","@id":"https:\/\/coeurnathetsens.fr\/#website","url":"https:\/\/coeurnathetsens.fr\/","name":"Coeur Nath &amp; Sens","description":"Un voyage lib\u00e9rateur au plus profond des cellules de ton c\u0153ur pour retrouver ta tranquillit\u00e9 int\u00e9rieure et le sens de ta vie\u2026","publisher":{"@id":"https:\/\/coeurnathetsens.fr\/#organization"},"potentialAction":[{"@type":"SearchAction","target":{"@type":"EntryPoint","urlTemplate":"https:\/\/coeurnathetsens.fr\/?s={search_term_string}"},"query-input":{"@type":"PropertyValueSpecification","valueRequired":true,"valueName":"search_term_string"}}],"inLanguage":"fr-FR"},{"@type":"Organization","@id":"https:\/\/coeurnathetsens.fr\/#organization","name":"Coeur Nath & Sens","url":"https:\/\/coeurnathetsens.fr\/","logo":{"@type":"ImageObject","inLanguage":"fr-FR","@id":"https:\/\/coeurnathetsens.fr\/#\/schema\/logo\/image\/","url":"http:\/\/coeurnathetsens.fr\/wp-content\/uploads\/2022\/01\/cropped-Capture-decran-2022-01-22-a-17.41.38.png","contentUrl":"http:\/\/coeurnathetsens.fr\/wp-content\/uploads\/2022\/01\/cropped-Capture-decran-2022-01-22-a-17.41.38.png","width":1872,"height":1120,"caption":"Coeur Nath & Sens"},"image":{"@id":"https:\/\/coeurnathetsens.fr\/#\/schema\/logo\/image\/"},"sameAs":["https:\/\/www.facebook.com\/nathalie.eymerie.52","https:\/\/www.instagram.com\/stories\/nataimeri\/2757010669457973348\/","https:\/\/www.linkedin.com\/in\/nathalie-eymerie-6597a128\/"]}]}},"_links":{"self":[{"href":"https:\/\/coeurnathetsens.fr\/index.php\/wp-json\/wp\/v2\/pages\/141","targetHints":{"allow":["GET"]}}],"collection":[{"href":"https:\/\/coeurnathetsens.fr\/index.php\/wp-json\/wp\/v2\/pages"}],"about":[{"href":"https:\/\/coeurnathetsens.fr\/index.php\/wp-json\/wp\/v2\/types\/page"}],"author":[{"embeddable":true,"href":"https:\/\/coeurnathetsens.fr\/index.php\/wp-json\/wp\/v2\/users\/1"}],"replies":[{"embeddable":true,"href":"https:\/\/coeurnathetsens.fr\/index.php\/wp-json\/wp\/v2\/comments?post=141"}],"version-history":[{"count":8,"href":"https:\/\/coeurnathetsens.fr\/index.php\/wp-json\/wp\/v2\/pages\/141\/revisions"}],"predecessor-version":[{"id":1450,"href":"https:\/\/coeurnathetsens.fr\/index.php\/wp-json\/wp\/v2\/pages\/141\/revisions\/1450"}],"up":[{"embeddable":true,"href":"https:\/\/coeurnathetsens.fr\/index.php\/wp-json\/wp\/v2\/pages\/80"}],"wp:attachment":[{"href":"https:\/\/coeurnathetsens.fr\/index.php\/wp-json\/wp\/v2\/media?parent=141"}],"curies":[{"name":"wp","href":"https:\/\/api.w.org\/{rel}","templated":true}]}}